{"id":26,"date":"2014-07-09T16:04:43","date_gmt":"2014-07-09T16:04:43","guid":{"rendered":"http:\/\/192.168.1.104\/restaurant\/?page_id=25"},"modified":"2022-03-03T12:07:53","modified_gmt":"2022-03-03T11:07:53","slug":"about","status":"publish","type":"page","link":"https:\/\/www.faistenauer-rundmacher.at\/neue-homepage\/?page_id=26","title":{"rendered":"\u00dcber uns"},"content":{"rendered":"\n<style type=\"text\/css\" data-created_by=\"avia_inline_auto\" id=\"style-css-av-ct1h2-20c67607d8cbf88450d32efa5c216a3b\">\n.avia-section.av-ct1h2-20c67607d8cbf88450d32efa5c216a3b .av-parallax .av-parallax-inner{\nbackground-repeat:no-repeat;\nbackground-image:url(https:\/\/www.faistenauer-rundmacher.at\/neue-homepage\/wp-content\/uploads\/2022\/01\/Michael-drechselt-5.jpg);\nbackground-position:50% 100%;\nbackground-attachment:scroll;\n}\n<\/style>\n<div id='av_section_1'  class='avia-section av-ct1h2-20c67607d8cbf88450d32efa5c216a3b main_color avia-section-default avia-no-shadow  avia-builder-el-0  el_before_av_section  avia-builder-el-first  avia-full-stretch av-parallax-section avia-bg-style-parallax container_wrap sidebar_right'  data-section-bg-repeat='stretch'><div class='av-parallax' data-avia-parallax-ratio='0.3' ><div class='av-parallax-inner main_color avia-full-stretch'><\/div><\/div><div class='container av-section-cont-open' ><main  role=\"main\" itemprop=\"mainContentOfPage\"  class='template-page content  av-content-small alpha units'><div class='post-entry post-entry-type-page post-entry-26'><div class='entry-content-wrapper clearfix'>\n\n<style type=\"text\/css\" data-created_by=\"avia_inline_auto\" id=\"style-css-av-c5uae-f134d48843ab706f99e409a8ecba72b1\">\n#top .av-special-heading.av-c5uae-f134d48843ab706f99e409a8ecba72b1{\npadding-bottom:0px;\ncolor:#ffffff;\nfont-size:60px;\n}\nbody .av-special-heading.av-c5uae-f134d48843ab706f99e409a8ecba72b1 .av-special-heading-tag .heading-char{\nfont-size:25px;\n}\n#top #wrap_all .av-special-heading.av-c5uae-f134d48843ab706f99e409a8ecba72b1 .av-special-heading-tag{\nfont-size:60px;\n}\n.av-special-heading.av-c5uae-f134d48843ab706f99e409a8ecba72b1 .special-heading-inner-border{\nborder-color:#ffffff;\n}\n.av-special-heading.av-c5uae-f134d48843ab706f99e409a8ecba72b1 .av-subheading{\nfont-size:18px;\n}\n<\/style>\n<div  class='av-special-heading av-c5uae-f134d48843ab706f99e409a8ecba72b1 av-special-heading-h1 custom-color-heading blockquote modern-quote  avia-builder-el-1  avia-builder-el-no-sibling  av-inherit-size'><h1 class='av-special-heading-tag'  itemprop=\"headline\"  >\u00dcber uns<\/h1><div class='av_custom_color av-subheading av-subheading_below'><p>Erleben Sie Holz in seiner nat\u00fcrlichen Sch\u00f6nheit<\/p>\n<\/div><div class=\"special-heading-border\"><div class=\"special-heading-inner-border\"><\/div><\/div><\/div>\n\n<\/div><\/div><\/main><!-- close content main element --><\/div><\/div><div id='av_section_2'  class='avia-section av-bw2ii-43455ee77203ae47fe73640e6355b340 main_color avia-section-default avia-no-shadow  avia-builder-el-2  el_after_av_section  avia-builder-el-last  avia-bg-style-scroll container_wrap sidebar_right'  ><div class='container av-section-cont-open' ><div class='template-page content  av-content-small alpha units'><div class='post-entry post-entry-type-page post-entry-26'><div class='entry-content-wrapper clearfix'>\n<div class='flex_column av-b2cre-451378a2117419ea71310329000f275b av_one_half  avia-builder-el-3  el_before_av_one_half  avia-builder-el-first  first flex_column_div '   ><p>\n<style type=\"text\/css\" data-created_by=\"avia_inline_auto\" id=\"style-css-av-ai0te-159fe0773de17d6a5ef39c786887aea2\">\n#top .av-special-heading.av-ai0te-159fe0773de17d6a5ef39c786887aea2{\npadding-bottom:20px;\n}\nbody .av-special-heading.av-ai0te-159fe0773de17d6a5ef39c786887aea2 .av-special-heading-tag .heading-char{\nfont-size:25px;\n}\n.av-special-heading.av-ai0te-159fe0773de17d6a5ef39c786887aea2 .av-subheading{\nfont-size:15px;\n}\n<\/style>\n<div  class='av-special-heading av-ai0te-159fe0773de17d6a5ef39c786887aea2 av-special-heading-h2 blockquote modern-quote  avia-builder-el-4  el_before_av_textblock  avia-builder-el-first '><h2 class='av-special-heading-tag'  itemprop=\"headline\"  >Wer steht hinter den Faistenauer Rundmachern<\/h2><div class=\"special-heading-border\"><div class=\"special-heading-inner-border\"><\/div><\/div><\/div><br \/>\n<section  class='av_textblock_section av-9yiqe-1ff1d942bb4e6780350510aaa5bd1830'  itemscope=\"itemscope\" itemtype=\"https:\/\/schema.org\/CreativeWork\" ><div class='avia_textblock'  itemprop=\"text\" ><h5><strong>Zwei Freunde aus Faistenau haben sich der Aufgabe verschrieben, die dynamischen Synergien von Natur, Kunst, Handwerk und Design zu erforschen. <br class=\"avia-permanent-lb\" \/><\/strong><\/h5>\n<h5><strong> <br class=\"avia-permanent-lb\" \/>Sie fordern dabei die Grenzen heraus, die bildende Kunst, Handwerk, dekorative K\u00fcnste und Design immer schon getrennt haben. <br class=\"avia-permanent-lb\" \/><\/strong><\/h5>\n<h5><strong> <br class=\"avia-permanent-lb\" \/>So entstehen Objekte in denen die nat\u00fcrliche Sch\u00f6nheit des Holzes in nutzbarer,optisch ansprechender Form integriert ist.<\/strong><\/h5>\n<\/div><\/section><\/p><\/div><div class='flex_column av-972b2-0f1c96e57040fb4c198abafaf7612f30 av_one_half  avia-builder-el-6  el_after_av_one_half  avia-builder-el-last  flex_column_div '   ><p>\n<style type=\"text\/css\" data-created_by=\"avia_inline_auto\" id=\"style-css-av-8tq7q-8bb1d3cf5ff2063a94564816a6ebb5fc\">\n#top .av-special-heading.av-8tq7q-8bb1d3cf5ff2063a94564816a6ebb5fc{\npadding-bottom:20px;\n}\nbody .av-special-heading.av-8tq7q-8bb1d3cf5ff2063a94564816a6ebb5fc .av-special-heading-tag .heading-char{\nfont-size:25px;\n}\n.av-special-heading.av-8tq7q-8bb1d3cf5ff2063a94564816a6ebb5fc .av-subheading{\nfont-size:15px;\n}\n<\/style>\n<div  class='av-special-heading av-8tq7q-8bb1d3cf5ff2063a94564816a6ebb5fc av-special-heading-h2 blockquote modern-quote  avia-builder-el-7  el_before_av_textblock  avia-builder-el-first '><h2 class='av-special-heading-tag'  itemprop=\"headline\"  >Aus Liebe zum Holz<\/h2><div class=\"special-heading-border\"><div class=\"special-heading-inner-border\"><\/div><\/div><\/div><br \/>\n<section  class='av_textblock_section av-836nq-fb1373df9a67cd0a378a9483cee8d65b'  itemscope=\"itemscope\" itemtype=\"https:\/\/schema.org\/CreativeWork\" ><div class='avia_textblock'  itemprop=\"text\" ><hr \/>\n<h5>Ein Baum fasziniert und inspiriert, sein Holz f\u00fchlt sich warm und weich an und jeder Stamm ist von au\u00dfergew\u00f6hnlicher Sch\u00f6nheit.<\/h5>\n<h5><br class=\"avia-permanent-lb\" \/>Aus feinf\u00fchlig ausgew\u00e4hlten H\u00f6lzern und durch geschicktes, handwerkliches Bearbeiten unter besonderer R\u00fccksichtnahme auf die Struktur des Holzes entstehen so liebevoll gefertigte Unikate.<\/h5>\n<h5><br class=\"avia-permanent-lb\" \/>In Handarbeit wird der \u00e4sthetische Zauber freigelegt.<\/h5>\n<h5><br class=\"avia-permanent-lb\" \/>Dabei darf die Natur selbst der\u00a0 kreativste Designer sein und das Holz seine Seele offenbaren.<\/h5>\n<\/div><\/section><\/p><\/div><\/div><\/div><\/div><!-- close content main div --><\/div><\/div><div id='after_section_2'  class='main_color av_default_container_wrap container_wrap sidebar_right'  ><div class='container av-section-cont-open' ><div class='template-page content  av-content-small alpha units'><div class='post-entry post-entry-type-page post-entry-26'><div class='entry-content-wrapper clearfix'>\n","protected":false},"excerpt":{"rendered":"","protected":false},"author":1,"featured_media":0,"parent":0,"menu_order":0,"comment_status":"open","ping_status":"open","template":"","meta":{"footnotes":""},"class_list":["post-26","page","type-page","status-publish","hentry"],"yoast_head":"<!-- This site is optimized with the Yoast SEO plugin v27.6 - https:\/\/yoast.com\/product\/yoast-seo-wordpress\/ -->\n<title>\u00dcber uns - Faistenauer Rundmacher<\/title>\n<meta name=\"robots\" content=\"index, follow, max-snippet:-1, max-image-preview:large, max-video-preview:-1\" \/>\n<link rel=\"canonical\" href=\"https:\/\/www.faistenauer-rundmacher.at\/neue-homepage\/?page_id=26\" \/>\n<meta property=\"og:locale\" content=\"de_DE\" \/>\n<meta property=\"og:type\" content=\"article\" \/>\n<meta property=\"og:title\" content=\"\u00dcber uns - Faistenauer Rundmacher\" \/>\n<meta property=\"og:url\" content=\"https:\/\/www.faistenauer-rundmacher.at\/neue-homepage\/?page_id=26\" \/>\n<meta property=\"og:site_name\" content=\"Faistenauer Rundmacher\" \/>\n<meta property=\"article:publisher\" content=\"https:\/\/www.facebook.com\/Holzkunst.manufaktur.faistenau\/\" \/>\n<meta property=\"article:modified_time\" content=\"2022-03-03T11:07:53+00:00\" \/>\n<meta name=\"twitter:card\" content=\"summary_large_image\" \/>\n<meta name=\"twitter:label1\" content=\"Gesch\u00e4tzte Lesezeit\" \/>\n\t<meta name=\"twitter:data1\" content=\"4\u00a0Minuten\" \/>\n<script type=\"application\/ld+json\" class=\"yoast-schema-graph\">{\"@context\":\"https:\\\/\\\/schema.org\",\"@graph\":[{\"@type\":\"WebPage\",\"@id\":\"https:\\\/\\\/www.faistenauer-rundmacher.at\\\/neue-homepage\\\/?page_id=26\",\"url\":\"https:\\\/\\\/www.faistenauer-rundmacher.at\\\/neue-homepage\\\/?page_id=26\",\"name\":\"\u00dcber uns - Faistenauer Rundmacher\",\"isPartOf\":{\"@id\":\"https:\\\/\\\/www.faistenauer-rundmacher.at\\\/neue-homepage\\\/#website\"},\"datePublished\":\"2014-07-09T16:04:43+00:00\",\"dateModified\":\"2022-03-03T11:07:53+00:00\",\"breadcrumb\":{\"@id\":\"https:\\\/\\\/www.faistenauer-rundmacher.at\\\/neue-homepage\\\/?page_id=26#breadcrumb\"},\"inLanguage\":\"de\",\"potentialAction\":[{\"@type\":\"ReadAction\",\"target\":[\"https:\\\/\\\/www.faistenauer-rundmacher.at\\\/neue-homepage\\\/?page_id=26\"]}]},{\"@type\":\"BreadcrumbList\",\"@id\":\"https:\\\/\\\/www.faistenauer-rundmacher.at\\\/neue-homepage\\\/?page_id=26#breadcrumb\",\"itemListElement\":[{\"@type\":\"ListItem\",\"position\":1,\"name\":\"Startseite\",\"item\":\"https:\\\/\\\/www.faistenauer-rundmacher.at\\\/neue-homepage\\\/?page_id=361\"},{\"@type\":\"ListItem\",\"position\":2,\"name\":\"\u00dcber uns\"}]},{\"@type\":\"WebSite\",\"@id\":\"https:\\\/\\\/www.faistenauer-rundmacher.at\\\/neue-homepage\\\/#website\",\"url\":\"https:\\\/\\\/www.faistenauer-rundmacher.at\\\/neue-homepage\\\/\",\"name\":\"Faistenauer Rundmacher\",\"description\":\"Holzkunst Manufaktur\",\"publisher\":{\"@id\":\"https:\\\/\\\/www.faistenauer-rundmacher.at\\\/neue-homepage\\\/#organization\"},\"potentialAction\":[{\"@type\":\"SearchAction\",\"target\":{\"@type\":\"EntryPoint\",\"urlTemplate\":\"https:\\\/\\\/www.faistenauer-rundmacher.at\\\/neue-homepage\\\/?s={search_term_string}\"},\"query-input\":{\"@type\":\"PropertyValueSpecification\",\"valueRequired\":true,\"valueName\":\"search_term_string\"}}],\"inLanguage\":\"de\"},{\"@type\":\"Organization\",\"@id\":\"https:\\\/\\\/www.faistenauer-rundmacher.at\\\/neue-homepage\\\/#organization\",\"name\":\"Faistenauer Rundmacher\",\"url\":\"https:\\\/\\\/www.faistenauer-rundmacher.at\\\/neue-homepage\\\/\",\"logo\":{\"@type\":\"ImageObject\",\"inLanguage\":\"de\",\"@id\":\"https:\\\/\\\/www.faistenauer-rundmacher.at\\\/neue-homepage\\\/#\\\/schema\\\/logo\\\/image\\\/\",\"url\":\"https:\\\/\\\/www.faistenauer-rundmacher.at\\\/neue-homepage\\\/wp-content\\\/uploads\\\/2022\\\/01\\\/manufaktur-300x110-1.jpg\",\"contentUrl\":\"https:\\\/\\\/www.faistenauer-rundmacher.at\\\/neue-homepage\\\/wp-content\\\/uploads\\\/2022\\\/01\\\/manufaktur-300x110-1.jpg\",\"width\":300,\"height\":110,\"caption\":\"Faistenauer Rundmacher\"},\"image\":{\"@id\":\"https:\\\/\\\/www.faistenauer-rundmacher.at\\\/neue-homepage\\\/#\\\/schema\\\/logo\\\/image\\\/\"},\"sameAs\":[\"https:\\\/\\\/www.facebook.com\\\/Holzkunst.manufaktur.faistenau\\\/\"]}]}<\/script>\n<!-- \/ Yoast SEO plugin. -->","yoast_head_json":{"title":"\u00dcber uns - Faistenauer Rundmacher","robots":{"index":"index","follow":"follow","max-snippet":"max-snippet:-1","max-image-preview":"max-image-preview:large","max-video-preview":"max-video-preview:-1"},"canonical":"https:\/\/www.faistenauer-rundmacher.at\/neue-homepage\/?page_id=26","og_locale":"de_DE","og_type":"article","og_title":"\u00dcber uns - Faistenauer Rundmacher","og_url":"https:\/\/www.faistenauer-rundmacher.at\/neue-homepage\/?page_id=26","og_site_name":"Faistenauer Rundmacher","article_publisher":"https:\/\/www.facebook.com\/Holzkunst.manufaktur.faistenau\/","article_modified_time":"2022-03-03T11:07:53+00:00","twitter_card":"summary_large_image","twitter_misc":{"Gesch\u00e4tzte Lesezeit":"4\u00a0Minuten"},"schema":{"@context":"https:\/\/schema.org","@graph":[{"@type":"WebPage","@id":"https:\/\/www.faistenauer-rundmacher.at\/neue-homepage\/?page_id=26","url":"https:\/\/www.faistenauer-rundmacher.at\/neue-homepage\/?page_id=26","name":"\u00dcber uns - Faistenauer Rundmacher","isPartOf":{"@id":"https:\/\/www.faistenauer-rundmacher.at\/neue-homepage\/#website"},"datePublished":"2014-07-09T16:04:43+00:00","dateModified":"2022-03-03T11:07:53+00:00","breadcrumb":{"@id":"https:\/\/www.faistenauer-rundmacher.at\/neue-homepage\/?page_id=26#breadcrumb"},"inLanguage":"de","potentialAction":[{"@type":"ReadAction","target":["https:\/\/www.faistenauer-rundmacher.at\/neue-homepage\/?page_id=26"]}]},{"@type":"BreadcrumbList","@id":"https:\/\/www.faistenauer-rundmacher.at\/neue-homepage\/?page_id=26#breadcrumb","itemListElement":[{"@type":"ListItem","position":1,"name":"Startseite","item":"https:\/\/www.faistenauer-rundmacher.at\/neue-homepage\/?page_id=361"},{"@type":"ListItem","position":2,"name":"\u00dcber uns"}]},{"@type":"WebSite","@id":"https:\/\/www.faistenauer-rundmacher.at\/neue-homepage\/#website","url":"https:\/\/www.faistenauer-rundmacher.at\/neue-homepage\/","name":"Faistenauer Rundmacher","description":"Holzkunst Manufaktur","publisher":{"@id":"https:\/\/www.faistenauer-rundmacher.at\/neue-homepage\/#organization"},"potentialAction":[{"@type":"SearchAction","target":{"@type":"EntryPoint","urlTemplate":"https:\/\/www.faistenauer-rundmacher.at\/neue-homepage\/?s={search_term_string}"},"query-input":{"@type":"PropertyValueSpecification","valueRequired":true,"valueName":"search_term_string"}}],"inLanguage":"de"},{"@type":"Organization","@id":"https:\/\/www.faistenauer-rundmacher.at\/neue-homepage\/#organization","name":"Faistenauer Rundmacher","url":"https:\/\/www.faistenauer-rundmacher.at\/neue-homepage\/","logo":{"@type":"ImageObject","inLanguage":"de","@id":"https:\/\/www.faistenauer-rundmacher.at\/neue-homepage\/#\/schema\/logo\/image\/","url":"https:\/\/www.faistenauer-rundmacher.at\/neue-homepage\/wp-content\/uploads\/2022\/01\/manufaktur-300x110-1.jpg","contentUrl":"https:\/\/www.faistenauer-rundmacher.at\/neue-homepage\/wp-content\/uploads\/2022\/01\/manufaktur-300x110-1.jpg","width":300,"height":110,"caption":"Faistenauer Rundmacher"},"image":{"@id":"https:\/\/www.faistenauer-rundmacher.at\/neue-homepage\/#\/schema\/logo\/image\/"},"sameAs":["https:\/\/www.facebook.com\/Holzkunst.manufaktur.faistenau\/"]}]}},"_links":{"self":[{"href":"https:\/\/www.faistenauer-rundmacher.at\/neue-homepage\/index.php?rest_route=\/wp\/v2\/pages\/26","targetHints":{"allow":["GET"]}}],"collection":[{"href":"https:\/\/www.faistenauer-rundmacher.at\/neue-homepage\/index.php?rest_route=\/wp\/v2\/pages"}],"about":[{"href":"https:\/\/www.faistenauer-rundmacher.at\/neue-homepage\/index.php?rest_route=\/wp\/v2\/types\/page"}],"author":[{"embeddable":true,"href":"https:\/\/www.faistenauer-rundmacher.at\/neue-homepage\/index.php?rest_route=\/wp\/v2\/users\/1"}],"replies":[{"embeddable":true,"href":"https:\/\/www.faistenauer-rundmacher.at\/neue-homepage\/index.php?rest_route=%2Fwp%2Fv2%2Fcomments&post=26"}],"version-history":[{"count":16,"href":"https:\/\/www.faistenauer-rundmacher.at\/neue-homepage\/index.php?rest_route=\/wp\/v2\/pages\/26\/revisions"}],"predecessor-version":[{"id":878,"href":"https:\/\/www.faistenauer-rundmacher.at\/neue-homepage\/index.php?rest_route=\/wp\/v2\/pages\/26\/revisions\/878"}],"wp:attachment":[{"href":"https:\/\/www.faistenauer-rundmacher.at\/neue-homepage\/index.php?rest_route=%2Fwp%2Fv2%2Fmedia&parent=26"}],"curies":[{"name":"wp","href":"https:\/\/api.w.org\/{rel}","templated":true}]}}