{"id":3,"date":"2022-01-06T12:45:16","date_gmt":"2022-01-06T11:45:16","guid":{"rendered":"https:\/\/www.faistenauer-rundmacher.at\/neue-homepage\/?page_id=3"},"modified":"2022-01-09T17:07:12","modified_gmt":"2022-01-09T16:07:12","slug":"datenschutzerklaerung","status":"publish","type":"page","link":"https:\/\/www.faistenauer-rundmacher.at\/neue-homepage\/?page_id=3","title":{"rendered":"Datenschutzerkl\u00e4rung"},"content":{"rendered":"<section  class='av_textblock_section av-ky7g4rw4-5026a3d755a2aa644f2e3a1c8309a771'  itemscope=\"itemscope\" itemtype=\"https:\/\/schema.org\/CreativeWork\" ><div class='avia_textblock'  itemprop=\"text\" ><p>Die Adresse unserer Website ist: http:\/\/www.faistenauer-rundmacher.at.<\/p>\n<p>Der Schutz Ihrer pers\u00f6nlichen Daten ist uns ein besonderes Anliegen. Wir verarbeiten Ihre Daten daher ausschlie\u00dflich auf Grundlage der gesetzlichenBestimmungen (DSGVO, TKG 2003). Die Nutzung unserer Webseite ist in der Regel ohne Angabe personenbezogener Daten m\u00f6glich. Soweit auf unseren Seiten personenbezogene Daten erhoben werden, erfolgt dies, soweit m\u00f6glich, stets auf freiwilligerBasis. Diese Daten werden ohne Ihre ausdr\u00fcckliche Zustimmung nicht an Dritte weitergegeben. Wir weisen darauf hin, dass die Daten\u00fcbertragung im Internet(z.B. bei der Kommunikation per E-Mail) Sicherheitsl\u00fccken aufweisen kann. Ein l\u00fcckenloser Schutz der Daten vor dem Zugriff durch Dritte ist nicht m\u00f6glich.<br \/>\nIn diesen Datenschutzinformationen informieren wir Sie \u00fcber die wichtigsten Aspekte der Datenverarbeitung im Rahmen unserer Website.<\/p>\n<p><strong>Cookies<\/strong><\/p>\n<p>Unsere Website verwendet so genannte Cookies. Dabei handelt es sich um kleine Textdateien, die mit Hilfe des Browsers auf Ihrem Endger\u00e4t abgelegt werden. Sie richten keinen Schaden an. Wir nutzen Cookies dazu, unser Angebot nutzerfreundlich zu gestalten. Einige Cookies bleiben auf Ihrem Endger\u00e4t gespeichert, bis Sie diese l\u00f6schen. Sie erm\u00f6glichen es uns, Ihren Browser beim n\u00e4chsten Besuch wiederzuerkennen.<\/p>\n<p><strong>Cookies verwalten und l\u00f6schen<\/strong><\/p>\n<p>Bis zu Ihrer Einwilligung in unsere Datenschutzbestimmungen sind nur technisch notwendige Cookies aktiv, sogenannte Third Party Cookies werden blockiert.<br \/>\nWenn Sie Cookies g\u00e4nzlich blockieren oder l\u00f6schen wollen, k\u00f6nnen Sie diese \u00c4nderungen auch in den Browsereinstellungen Ihres Internetbrowsers vornehmen.Die Verfahren zur Verwaltung und L\u00f6schung von Cookies finden Sie in der im Browser integrierten Hilfe-Funktion. Wir weisen jedoch darauf hin, dass sie indiesem Fall gegebenenfalls nicht s\u00e4mtliche Funktionen dieser Webseiten vollumf\u00e4nglich nutzen k\u00f6nnen.<\/p>\n<p><strong>Server-Log-Files<\/strong><\/p>\n<p>Der Provider der Seiten erhebt und speichert automatisch Informationen in so<br \/>\ngenannten Server-Log Files, die Ihr Browser automatisch an uns \u00fcbermittelt.<br \/>\nDies sind:<\/p>\n<p>Browsertypund Browserversion<br \/>\nverwendetes Betriebssystem<br \/>\nReferrer URL<br \/>\nHostname des zugreifenden Rechners<br \/>\nUhrzeit der Serveranfrage<br \/>\nDiese Daten sind nicht bestimmten Personen zuordenbar. Eine Zusammen f\u00fchrungdieser Daten mit anderen Datenquellen wird nicht vorgenommen. Wir behalten unsvor, diese Daten nachtr\u00e4glich zu pr\u00fcfen, wenn uns konkrete Anhaltspunkte f\u00fcreine rechtswidrige Nutzung bekannt werden.<\/p>\n<p><strong>Web-Analyse<\/strong><\/p>\n<p>UnsereWebsite verwendet Funktionen des Webanalysedienstes WP Statistics der Fa.Verona Labs. Die dadurch erzeugten Informationen werden nicht auf den Server des Anbieters \u00fcbertragen, sondern sie laufen lokal, es werden keine Skripte \u00fcbertragen.<\/p>\n<p><strong>Kontaktformular<\/strong><\/p>\n<p>Wenn Sie uns per Kontaktformular Anfragen zukommen lassen, werden Ihre Angaben aus dem Anfrageformular inklusive der von Ihnen dort angegebenen Kontaktdaten zwecks Bearbeitung der Anfrage und f\u00fcr den Fall von Anschlussfragen bei unsgespeichert. Diese Daten geben wir nicht ohne Ihre Einwilligung weiter.<\/p>\n<p>Die Verarbeitung der in das Kontaktformular eingegebenen Daten erfolgt somit ausschlie\u00dflich auf Grundlage Ihrer Einwilligung (Art. 6 Abs. 1 lit. a DSGVO).Sie k\u00f6nnen diese Einwilligung jederzeit widerrufen. Dazu reicht eine formlose Mitteilung per E-Mail an uns. Die Rechtm\u00e4\u00dfigkeit der bis zum Widerruf erfolgten Datenverarbeitungsvorg\u00e4nge bleibt vom Widerruf unber\u00fchrt.<\/p>\n<p>Die von Ihnen im Kontaktformular eingegebenen Daten verbleiben bei uns, bis Sie uns zur L\u00f6schung auffordern, Ihre Einwilligung zur Speicherung widerrufen oder der Zweck f\u00fcr die Datenspeicherung entf\u00e4llt (z.B. nach abgeschlossener Bearbeitung Ihrer Anfrage). Zwingende gesetzliche Bestimmungen \u2013 insbesondere Aufbewahrungsfristen \u2013 bleiben unber\u00fchrt.<\/p>\n<p><strong>Webfonts<\/strong><\/p>\n<p>Diese Seite nutzt zur einheitlichen Darstellung von Schriftarten so genannte WebFonts, die von Google bereitgestellt werden. Beim Aufruf einer Seite l\u00e4dt Ihr Browser die ben\u00f6tigten Web Fonts in ihren Browsercache, um Texte undSchriftarten korrekt anzuzeigen. [\u2026] Die Nutzung von Google Web Fonts erfolgtim Interesse einer einheitlichen und ansprechenden Darstellung unserer Online-Angebote. Dies stellt ein berechtigtes Interesse im Sinne von Art. 6Abs. 1 lit. f DSGVO dar. [\u2026] Weitere Informationen zu Google Web Fonts finden Sie unter https:\/\/developers.google.com\/fonts\/faq und in derDatenschutzerkl\u00e4rung von Google: <a href=\"https:\/\/www.google.com\/policies\/privacy\/\">https:\/\/www.google.com\/policies\/privacy\/<\/a>.<\/p>\n<p><strong>Ihre Rechte<\/strong><\/p>\n<p>Ihnen stehen grunds\u00e4tzlich die Rechte auf Auskunft, Berichtigung, L\u00f6schung,Einschr\u00e4nkung, Daten\u00fcbertragbarkeit, Widerruf und Widerspruch zu. Sofern Ihr Wunsch nicht mit einer gesetzlichen Pflicht zur Aufbewahrung von Daten (z.B.Vorratsdatenspeicherung) kollidiert, haben Sie ein Anrecht auf Berichtigung falscher Daten und auf die Sperrung oder L\u00f6schung Ihrer personenbezogenen Daten.<\/p>\n<p>Sie erreichen uns unter folgenden Kontaktdaten:<\/p>\n<p><strong>Ing. Christian Wahl<\/strong><\/p>\n<p><strong>Rupertiweg 18<br \/>\n<\/strong><\/p>\n<p><strong>5324 Faistenau<\/strong><\/p>\n<p><strong>E-Mail: christian@faistenauer-rundmacher.at<\/strong><\/p>\n<\/div><\/section>\n","protected":false},"excerpt":{"rendered":"","protected":false},"author":1,"featured_media":0,"parent":0,"menu_order":0,"comment_status":"closed","ping_status":"open","template":"","meta":{"footnotes":""},"class_list":["post-3","page","type-page","status-publish","hentry"],"yoast_head":"<!-- This site is optimized with the Yoast SEO plugin v27.3 - https:\/\/yoast.com\/product\/yoast-seo-wordpress\/ -->\n<title>Datenschutzerkl\u00e4rung - Faistenauer Rundmacher<\/title>\n<meta name=\"robots\" content=\"index, follow, max-snippet:-1, max-image-preview:large, max-video-preview:-1\" \/>\n<link rel=\"canonical\" href=\"https:\/\/www.faistenauer-rundmacher.at\/neue-homepage\/?page_id=3\" \/>\n<meta property=\"og:locale\" content=\"de_DE\" \/>\n<meta property=\"og:type\" content=\"article\" \/>\n<meta property=\"og:title\" content=\"Datenschutzerkl\u00e4rung - Faistenauer Rundmacher\" \/>\n<meta property=\"og:url\" content=\"https:\/\/www.faistenauer-rundmacher.at\/neue-homepage\/?page_id=3\" \/>\n<meta property=\"og:site_name\" content=\"Faistenauer Rundmacher\" \/>\n<meta property=\"article:publisher\" content=\"https:\/\/www.facebook.com\/Holzkunst.manufaktur.faistenau\/\" \/>\n<meta property=\"article:modified_time\" content=\"2022-01-09T16:07:12+00:00\" \/>\n<meta name=\"twitter:card\" content=\"summary_large_image\" \/>\n<meta name=\"twitter:label1\" content=\"Gesch\u00e4tzte Lesezeit\" \/>\n\t<meta name=\"twitter:data1\" content=\"4\u00a0Minuten\" \/>\n<script type=\"application\/ld+json\" class=\"yoast-schema-graph\">{\"@context\":\"https:\\\/\\\/schema.org\",\"@graph\":[{\"@type\":\"WebPage\",\"@id\":\"https:\\\/\\\/www.faistenauer-rundmacher.at\\\/neue-homepage\\\/?page_id=3\",\"url\":\"https:\\\/\\\/www.faistenauer-rundmacher.at\\\/neue-homepage\\\/?page_id=3\",\"name\":\"Datenschutzerkl\u00e4rung - Faistenauer Rundmacher\",\"isPartOf\":{\"@id\":\"https:\\\/\\\/www.faistenauer-rundmacher.at\\\/neue-homepage\\\/#website\"},\"datePublished\":\"2022-01-06T11:45:16+00:00\",\"dateModified\":\"2022-01-09T16:07:12+00:00\",\"breadcrumb\":{\"@id\":\"https:\\\/\\\/www.faistenauer-rundmacher.at\\\/neue-homepage\\\/?page_id=3#breadcrumb\"},\"inLanguage\":\"de\",\"potentialAction\":[{\"@type\":\"ReadAction\",\"target\":[\"https:\\\/\\\/www.faistenauer-rundmacher.at\\\/neue-homepage\\\/?page_id=3\"]}]},{\"@type\":\"BreadcrumbList\",\"@id\":\"https:\\\/\\\/www.faistenauer-rundmacher.at\\\/neue-homepage\\\/?page_id=3#breadcrumb\",\"itemListElement\":[{\"@type\":\"ListItem\",\"position\":1,\"name\":\"Startseite\",\"item\":\"https:\\\/\\\/www.faistenauer-rundmacher.at\\\/neue-homepage\\\/?page_id=361\"},{\"@type\":\"ListItem\",\"position\":2,\"name\":\"Datenschutzerkl\u00e4rung\"}]},{\"@type\":\"WebSite\",\"@id\":\"https:\\\/\\\/www.faistenauer-rundmacher.at\\\/neue-homepage\\\/#website\",\"url\":\"https:\\\/\\\/www.faistenauer-rundmacher.at\\\/neue-homepage\\\/\",\"name\":\"Faistenauer Rundmacher\",\"description\":\"Holzkunst Manufaktur\",\"publisher\":{\"@id\":\"https:\\\/\\\/www.faistenauer-rundmacher.at\\\/neue-homepage\\\/#organization\"},\"potentialAction\":[{\"@type\":\"SearchAction\",\"target\":{\"@type\":\"EntryPoint\",\"urlTemplate\":\"https:\\\/\\\/www.faistenauer-rundmacher.at\\\/neue-homepage\\\/?s={search_term_string}\"},\"query-input\":{\"@type\":\"PropertyValueSpecification\",\"valueRequired\":true,\"valueName\":\"search_term_string\"}}],\"inLanguage\":\"de\"},{\"@type\":\"Organization\",\"@id\":\"https:\\\/\\\/www.faistenauer-rundmacher.at\\\/neue-homepage\\\/#organization\",\"name\":\"Faistenauer Rundmacher\",\"url\":\"https:\\\/\\\/www.faistenauer-rundmacher.at\\\/neue-homepage\\\/\",\"logo\":{\"@type\":\"ImageObject\",\"inLanguage\":\"de\",\"@id\":\"https:\\\/\\\/www.faistenauer-rundmacher.at\\\/neue-homepage\\\/#\\\/schema\\\/logo\\\/image\\\/\",\"url\":\"https:\\\/\\\/www.faistenauer-rundmacher.at\\\/neue-homepage\\\/wp-content\\\/uploads\\\/2022\\\/01\\\/manufaktur-300x110-1.jpg\",\"contentUrl\":\"https:\\\/\\\/www.faistenauer-rundmacher.at\\\/neue-homepage\\\/wp-content\\\/uploads\\\/2022\\\/01\\\/manufaktur-300x110-1.jpg\",\"width\":300,\"height\":110,\"caption\":\"Faistenauer Rundmacher\"},\"image\":{\"@id\":\"https:\\\/\\\/www.faistenauer-rundmacher.at\\\/neue-homepage\\\/#\\\/schema\\\/logo\\\/image\\\/\"},\"sameAs\":[\"https:\\\/\\\/www.facebook.com\\\/Holzkunst.manufaktur.faistenau\\\/\"]}]}<\/script>\n<!-- \/ Yoast SEO plugin. -->","yoast_head_json":{"title":"Datenschutzerkl\u00e4rung - Faistenauer Rundmacher","robots":{"index":"index","follow":"follow","max-snippet":"max-snippet:-1","max-image-preview":"max-image-preview:large","max-video-preview":"max-video-preview:-1"},"canonical":"https:\/\/www.faistenauer-rundmacher.at\/neue-homepage\/?page_id=3","og_locale":"de_DE","og_type":"article","og_title":"Datenschutzerkl\u00e4rung - Faistenauer Rundmacher","og_url":"https:\/\/www.faistenauer-rundmacher.at\/neue-homepage\/?page_id=3","og_site_name":"Faistenauer Rundmacher","article_publisher":"https:\/\/www.facebook.com\/Holzkunst.manufaktur.faistenau\/","article_modified_time":"2022-01-09T16:07:12+00:00","twitter_card":"summary_large_image","twitter_misc":{"Gesch\u00e4tzte Lesezeit":"4\u00a0Minuten"},"schema":{"@context":"https:\/\/schema.org","@graph":[{"@type":"WebPage","@id":"https:\/\/www.faistenauer-rundmacher.at\/neue-homepage\/?page_id=3","url":"https:\/\/www.faistenauer-rundmacher.at\/neue-homepage\/?page_id=3","name":"Datenschutzerkl\u00e4rung - Faistenauer Rundmacher","isPartOf":{"@id":"https:\/\/www.faistenauer-rundmacher.at\/neue-homepage\/#website"},"datePublished":"2022-01-06T11:45:16+00:00","dateModified":"2022-01-09T16:07:12+00:00","breadcrumb":{"@id":"https:\/\/www.faistenauer-rundmacher.at\/neue-homepage\/?page_id=3#breadcrumb"},"inLanguage":"de","potentialAction":[{"@type":"ReadAction","target":["https:\/\/www.faistenauer-rundmacher.at\/neue-homepage\/?page_id=3"]}]},{"@type":"BreadcrumbList","@id":"https:\/\/www.faistenauer-rundmacher.at\/neue-homepage\/?page_id=3#breadcrumb","itemListElement":[{"@type":"ListItem","position":1,"name":"Startseite","item":"https:\/\/www.faistenauer-rundmacher.at\/neue-homepage\/?page_id=361"},{"@type":"ListItem","position":2,"name":"Datenschutzerkl\u00e4rung"}]},{"@type":"WebSite","@id":"https:\/\/www.faistenauer-rundmacher.at\/neue-homepage\/#website","url":"https:\/\/www.faistenauer-rundmacher.at\/neue-homepage\/","name":"Faistenauer Rundmacher","description":"Holzkunst Manufaktur","publisher":{"@id":"https:\/\/www.faistenauer-rundmacher.at\/neue-homepage\/#organization"},"potentialAction":[{"@type":"SearchAction","target":{"@type":"EntryPoint","urlTemplate":"https:\/\/www.faistenauer-rundmacher.at\/neue-homepage\/?s={search_term_string}"},"query-input":{"@type":"PropertyValueSpecification","valueRequired":true,"valueName":"search_term_string"}}],"inLanguage":"de"},{"@type":"Organization","@id":"https:\/\/www.faistenauer-rundmacher.at\/neue-homepage\/#organization","name":"Faistenauer Rundmacher","url":"https:\/\/www.faistenauer-rundmacher.at\/neue-homepage\/","logo":{"@type":"ImageObject","inLanguage":"de","@id":"https:\/\/www.faistenauer-rundmacher.at\/neue-homepage\/#\/schema\/logo\/image\/","url":"https:\/\/www.faistenauer-rundmacher.at\/neue-homepage\/wp-content\/uploads\/2022\/01\/manufaktur-300x110-1.jpg","contentUrl":"https:\/\/www.faistenauer-rundmacher.at\/neue-homepage\/wp-content\/uploads\/2022\/01\/manufaktur-300x110-1.jpg","width":300,"height":110,"caption":"Faistenauer Rundmacher"},"image":{"@id":"https:\/\/www.faistenauer-rundmacher.at\/neue-homepage\/#\/schema\/logo\/image\/"},"sameAs":["https:\/\/www.facebook.com\/Holzkunst.manufaktur.faistenau\/"]}]}},"_links":{"self":[{"href":"https:\/\/www.faistenauer-rundmacher.at\/neue-homepage\/index.php?rest_route=\/wp\/v2\/pages\/3","targetHints":{"allow":["GET"]}}],"collection":[{"href":"https:\/\/www.faistenauer-rundmacher.at\/neue-homepage\/index.php?rest_route=\/wp\/v2\/pages"}],"about":[{"href":"https:\/\/www.faistenauer-rundmacher.at\/neue-homepage\/index.php?rest_route=\/wp\/v2\/types\/page"}],"author":[{"embeddable":true,"href":"https:\/\/www.faistenauer-rundmacher.at\/neue-homepage\/index.php?rest_route=\/wp\/v2\/users\/1"}],"replies":[{"embeddable":true,"href":"https:\/\/www.faistenauer-rundmacher.at\/neue-homepage\/index.php?rest_route=%2Fwp%2Fv2%2Fcomments&post=3"}],"version-history":[{"count":2,"href":"https:\/\/www.faistenauer-rundmacher.at\/neue-homepage\/index.php?rest_route=\/wp\/v2\/pages\/3\/revisions"}],"predecessor-version":[{"id":572,"href":"https:\/\/www.faistenauer-rundmacher.at\/neue-homepage\/index.php?rest_route=\/wp\/v2\/pages\/3\/revisions\/572"}],"wp:attachment":[{"href":"https:\/\/www.faistenauer-rundmacher.at\/neue-homepage\/index.php?rest_route=%2Fwp%2Fv2%2Fmedia&parent=3"}],"curies":[{"name":"wp","href":"https:\/\/api.w.org\/{rel}","templated":true}]}}