{"id":894,"date":"2022-03-03T13:18:00","date_gmt":"2022-03-03T12:18:00","guid":{"rendered":"https:\/\/www.faistenauer-rundmacher.at\/neue-homepage\/?page_id=894"},"modified":"2022-03-03T13:18:01","modified_gmt":"2022-03-03T12:18:01","slug":"impressum","status":"publish","type":"page","link":"https:\/\/www.faistenauer-rundmacher.at\/neue-homepage\/?page_id=894","title":{"rendered":"Impressum"},"content":{"rendered":"<section  class='av_textblock_section av-l0aye2cx-907c6b3c7f324f5ba2904ca3b3f488f4'  itemscope=\"itemscope\" itemtype=\"https:\/\/schema.org\/CreativeWork\" ><div class='avia_textblock'  itemprop=\"text\" ><p><main class=\"template-page content  av-content-full alpha units\" role=\"main\"><\/p>\n<div class=\"post-entry post-entry-type-page post-entry-153\">\n<div class=\"entry-content-wrapper clearfix\">\n<div class=\"flex_column av-gj4i1-cee06bfacda50dfefd09429f41f89fa7 av_one_full  avia-builder-el-0  avia-builder-el-no-sibling  first flex_column_div av-zero-column-padding \">\n<section class=\"av_textblock_section av-r141-d85fe6284425320940725142e6c3cfa2\">\n<div class=\"avia_textblock\">\n<div id=\"cc-m-5499417075\" class=\"j-module n j-header \">\n<h1 id=\"cc-m-header-5499417075\">Impressum<\/h1>\n<h3><\/h3>\n<\/div>\n<div id=\"cc-m-5499389375\" class=\"j-module n j-text \">\n<h3><strong>F\u00fcr den Inhalt verantwortlich<\/strong><\/h3>\n<h3><strong>Christian Wahl<\/strong><\/h3>\n<h3><strong>Rupertiweg 18<br \/>\n<\/strong><\/h3>\n<h3><strong>5324 Faistenau<\/strong><\/h3>\n<h3><strong>E-Mail: christian@faistenauer-rundmacher.at<br \/>\n<\/strong><\/h3>\n<h3><strong>Tel.: \u00a0 \u00a0 +43(0)677 \/ 617 072 00<br \/>\n<\/strong><\/h3>\n<h1><\/h1>\n<h2><\/h2>\n<\/div>\n<h3><\/h3>\n<div id=\"cc-m-5499389375\" class=\"j-module n j-text \">\n<h3><strong>Trotz sorgf\u00e4ltiger Kontrolle \u00fcbernehme ich keine Haftung f\u00fcr die Inhalte externer Links.<\/strong><\/h3>\n<h3><strong>F\u00fcr den Inhalt der verlinkten Seiten sind ausschlie\u00dflich deren Betreiber verantwortlich.<\/strong><\/h3>\n<\/div>\n<div id=\"cc-m-5499535775\" class=\"j-module n j-header \">\n<h1 id=\"cc-m-header-5499535775\">Urheberrecht<\/h1>\n<h3><\/h3>\n<\/div>\n<div id=\"cc-m-5499539475\" class=\"j-module n j-text \">\n<h3><span class=\"normal\"><strong>Alle Texte und Bilder unterliegen dem Schutz des geistigen Eigentums.<\/strong><\/span><\/h3>\n<h3><strong><span class=\"normal\">Sie d\u00fcrfen weder kopiert noch zur Wiedergabe in anderen Medien verwendet werden.<\/span><\/strong><\/h3>\n<h3><span class=\"normal\"><strong>Auf Anfrage kann der Autor aber eine Genehmigung erteilen.<\/strong><em><br \/>\n<\/em><\/span><\/h3>\n<\/div>\n<\/div>\n<\/section>\n<\/div>\n<\/div>\n<\/div>\n<p><\/main><\/p>\n<\/div><\/section>\n","protected":false},"excerpt":{"rendered":"","protected":false},"author":1,"featured_media":0,"parent":0,"menu_order":0,"comment_status":"closed","ping_status":"closed","template":"","meta":{"footnotes":""},"class_list":["post-894","page","type-page","status-publish","hentry"],"yoast_head":"<!-- This site is optimized with the Yoast SEO plugin v27.3 - https:\/\/yoast.com\/product\/yoast-seo-wordpress\/ -->\n<title>Impressum - Faistenauer Rundmacher<\/title>\n<meta name=\"robots\" content=\"index, follow, max-snippet:-1, max-image-preview:large, max-video-preview:-1\" \/>\n<link rel=\"canonical\" href=\"https:\/\/www.faistenauer-rundmacher.at\/neue-homepage\/?page_id=894\" \/>\n<meta property=\"og:locale\" content=\"de_DE\" \/>\n<meta property=\"og:type\" content=\"article\" \/>\n<meta property=\"og:title\" content=\"Impressum - Faistenauer Rundmacher\" \/>\n<meta property=\"og:url\" content=\"https:\/\/www.faistenauer-rundmacher.at\/neue-homepage\/?page_id=894\" \/>\n<meta property=\"og:site_name\" content=\"Faistenauer Rundmacher\" \/>\n<meta property=\"article:publisher\" content=\"https:\/\/www.facebook.com\/Holzkunst.manufaktur.faistenau\/\" \/>\n<meta property=\"article:modified_time\" content=\"2022-03-03T12:18:01+00:00\" \/>\n<meta name=\"twitter:card\" content=\"summary_large_image\" \/>\n<meta name=\"twitter:label1\" content=\"Gesch\u00e4tzte Lesezeit\" \/>\n\t<meta name=\"twitter:data1\" content=\"1\u00a0Minute\" \/>\n<script type=\"application\/ld+json\" class=\"yoast-schema-graph\">{\"@context\":\"https:\\\/\\\/schema.org\",\"@graph\":[{\"@type\":\"WebPage\",\"@id\":\"https:\\\/\\\/www.faistenauer-rundmacher.at\\\/neue-homepage\\\/?page_id=894\",\"url\":\"https:\\\/\\\/www.faistenauer-rundmacher.at\\\/neue-homepage\\\/?page_id=894\",\"name\":\"Impressum - Faistenauer Rundmacher\",\"isPartOf\":{\"@id\":\"https:\\\/\\\/www.faistenauer-rundmacher.at\\\/neue-homepage\\\/#website\"},\"datePublished\":\"2022-03-03T12:18:00+00:00\",\"dateModified\":\"2022-03-03T12:18:01+00:00\",\"breadcrumb\":{\"@id\":\"https:\\\/\\\/www.faistenauer-rundmacher.at\\\/neue-homepage\\\/?page_id=894#breadcrumb\"},\"inLanguage\":\"de\",\"potentialAction\":[{\"@type\":\"ReadAction\",\"target\":[\"https:\\\/\\\/www.faistenauer-rundmacher.at\\\/neue-homepage\\\/?page_id=894\"]}]},{\"@type\":\"BreadcrumbList\",\"@id\":\"https:\\\/\\\/www.faistenauer-rundmacher.at\\\/neue-homepage\\\/?page_id=894#breadcrumb\",\"itemListElement\":[{\"@type\":\"ListItem\",\"position\":1,\"name\":\"Startseite\",\"item\":\"https:\\\/\\\/www.faistenauer-rundmacher.at\\\/neue-homepage\\\/?page_id=361\"},{\"@type\":\"ListItem\",\"position\":2,\"name\":\"Impressum\"}]},{\"@type\":\"WebSite\",\"@id\":\"https:\\\/\\\/www.faistenauer-rundmacher.at\\\/neue-homepage\\\/#website\",\"url\":\"https:\\\/\\\/www.faistenauer-rundmacher.at\\\/neue-homepage\\\/\",\"name\":\"Faistenauer Rundmacher\",\"description\":\"Holzkunst Manufaktur\",\"publisher\":{\"@id\":\"https:\\\/\\\/www.faistenauer-rundmacher.at\\\/neue-homepage\\\/#organization\"},\"potentialAction\":[{\"@type\":\"SearchAction\",\"target\":{\"@type\":\"EntryPoint\",\"urlTemplate\":\"https:\\\/\\\/www.faistenauer-rundmacher.at\\\/neue-homepage\\\/?s={search_term_string}\"},\"query-input\":{\"@type\":\"PropertyValueSpecification\",\"valueRequired\":true,\"valueName\":\"search_term_string\"}}],\"inLanguage\":\"de\"},{\"@type\":\"Organization\",\"@id\":\"https:\\\/\\\/www.faistenauer-rundmacher.at\\\/neue-homepage\\\/#organization\",\"name\":\"Faistenauer Rundmacher\",\"url\":\"https:\\\/\\\/www.faistenauer-rundmacher.at\\\/neue-homepage\\\/\",\"logo\":{\"@type\":\"ImageObject\",\"inLanguage\":\"de\",\"@id\":\"https:\\\/\\\/www.faistenauer-rundmacher.at\\\/neue-homepage\\\/#\\\/schema\\\/logo\\\/image\\\/\",\"url\":\"https:\\\/\\\/www.faistenauer-rundmacher.at\\\/neue-homepage\\\/wp-content\\\/uploads\\\/2022\\\/01\\\/manufaktur-300x110-1.jpg\",\"contentUrl\":\"https:\\\/\\\/www.faistenauer-rundmacher.at\\\/neue-homepage\\\/wp-content\\\/uploads\\\/2022\\\/01\\\/manufaktur-300x110-1.jpg\",\"width\":300,\"height\":110,\"caption\":\"Faistenauer Rundmacher\"},\"image\":{\"@id\":\"https:\\\/\\\/www.faistenauer-rundmacher.at\\\/neue-homepage\\\/#\\\/schema\\\/logo\\\/image\\\/\"},\"sameAs\":[\"https:\\\/\\\/www.facebook.com\\\/Holzkunst.manufaktur.faistenau\\\/\"]}]}<\/script>\n<!-- \/ Yoast SEO plugin. -->","yoast_head_json":{"title":"Impressum - Faistenauer Rundmacher","robots":{"index":"index","follow":"follow","max-snippet":"max-snippet:-1","max-image-preview":"max-image-preview:large","max-video-preview":"max-video-preview:-1"},"canonical":"https:\/\/www.faistenauer-rundmacher.at\/neue-homepage\/?page_id=894","og_locale":"de_DE","og_type":"article","og_title":"Impressum - Faistenauer Rundmacher","og_url":"https:\/\/www.faistenauer-rundmacher.at\/neue-homepage\/?page_id=894","og_site_name":"Faistenauer Rundmacher","article_publisher":"https:\/\/www.facebook.com\/Holzkunst.manufaktur.faistenau\/","article_modified_time":"2022-03-03T12:18:01+00:00","twitter_card":"summary_large_image","twitter_misc":{"Gesch\u00e4tzte Lesezeit":"1\u00a0Minute"},"schema":{"@context":"https:\/\/schema.org","@graph":[{"@type":"WebPage","@id":"https:\/\/www.faistenauer-rundmacher.at\/neue-homepage\/?page_id=894","url":"https:\/\/www.faistenauer-rundmacher.at\/neue-homepage\/?page_id=894","name":"Impressum - Faistenauer Rundmacher","isPartOf":{"@id":"https:\/\/www.faistenauer-rundmacher.at\/neue-homepage\/#website"},"datePublished":"2022-03-03T12:18:00+00:00","dateModified":"2022-03-03T12:18:01+00:00","breadcrumb":{"@id":"https:\/\/www.faistenauer-rundmacher.at\/neue-homepage\/?page_id=894#breadcrumb"},"inLanguage":"de","potentialAction":[{"@type":"ReadAction","target":["https:\/\/www.faistenauer-rundmacher.at\/neue-homepage\/?page_id=894"]}]},{"@type":"BreadcrumbList","@id":"https:\/\/www.faistenauer-rundmacher.at\/neue-homepage\/?page_id=894#breadcrumb","itemListElement":[{"@type":"ListItem","position":1,"name":"Startseite","item":"https:\/\/www.faistenauer-rundmacher.at\/neue-homepage\/?page_id=361"},{"@type":"ListItem","position":2,"name":"Impressum"}]},{"@type":"WebSite","@id":"https:\/\/www.faistenauer-rundmacher.at\/neue-homepage\/#website","url":"https:\/\/www.faistenauer-rundmacher.at\/neue-homepage\/","name":"Faistenauer Rundmacher","description":"Holzkunst Manufaktur","publisher":{"@id":"https:\/\/www.faistenauer-rundmacher.at\/neue-homepage\/#organization"},"potentialAction":[{"@type":"SearchAction","target":{"@type":"EntryPoint","urlTemplate":"https:\/\/www.faistenauer-rundmacher.at\/neue-homepage\/?s={search_term_string}"},"query-input":{"@type":"PropertyValueSpecification","valueRequired":true,"valueName":"search_term_string"}}],"inLanguage":"de"},{"@type":"Organization","@id":"https:\/\/www.faistenauer-rundmacher.at\/neue-homepage\/#organization","name":"Faistenauer Rundmacher","url":"https:\/\/www.faistenauer-rundmacher.at\/neue-homepage\/","logo":{"@type":"ImageObject","inLanguage":"de","@id":"https:\/\/www.faistenauer-rundmacher.at\/neue-homepage\/#\/schema\/logo\/image\/","url":"https:\/\/www.faistenauer-rundmacher.at\/neue-homepage\/wp-content\/uploads\/2022\/01\/manufaktur-300x110-1.jpg","contentUrl":"https:\/\/www.faistenauer-rundmacher.at\/neue-homepage\/wp-content\/uploads\/2022\/01\/manufaktur-300x110-1.jpg","width":300,"height":110,"caption":"Faistenauer Rundmacher"},"image":{"@id":"https:\/\/www.faistenauer-rundmacher.at\/neue-homepage\/#\/schema\/logo\/image\/"},"sameAs":["https:\/\/www.facebook.com\/Holzkunst.manufaktur.faistenau\/"]}]}},"_links":{"self":[{"href":"https:\/\/www.faistenauer-rundmacher.at\/neue-homepage\/index.php?rest_route=\/wp\/v2\/pages\/894","targetHints":{"allow":["GET"]}}],"collection":[{"href":"https:\/\/www.faistenauer-rundmacher.at\/neue-homepage\/index.php?rest_route=\/wp\/v2\/pages"}],"about":[{"href":"https:\/\/www.faistenauer-rundmacher.at\/neue-homepage\/index.php?rest_route=\/wp\/v2\/types\/page"}],"author":[{"embeddable":true,"href":"https:\/\/www.faistenauer-rundmacher.at\/neue-homepage\/index.php?rest_route=\/wp\/v2\/users\/1"}],"replies":[{"embeddable":true,"href":"https:\/\/www.faistenauer-rundmacher.at\/neue-homepage\/index.php?rest_route=%2Fwp%2Fv2%2Fcomments&post=894"}],"version-history":[{"count":1,"href":"https:\/\/www.faistenauer-rundmacher.at\/neue-homepage\/index.php?rest_route=\/wp\/v2\/pages\/894\/revisions"}],"predecessor-version":[{"id":895,"href":"https:\/\/www.faistenauer-rundmacher.at\/neue-homepage\/index.php?rest_route=\/wp\/v2\/pages\/894\/revisions\/895"}],"wp:attachment":[{"href":"https:\/\/www.faistenauer-rundmacher.at\/neue-homepage\/index.php?rest_route=%2Fwp%2Fv2%2Fmedia&parent=894"}],"curies":[{"name":"wp","href":"https:\/\/api.w.org\/{rel}","templated":true}]}}